{"id":482,"date":"2018-12-17T15:13:02","date_gmt":"2018-12-17T12:13:02","guid":{"rendered":"https:\/\/endurance.fi\/?page_id=482"},"modified":"2018-12-17T17:12:41","modified_gmt":"2018-12-17T14:12:41","slug":"sj","status":"publish","type":"page","link":"https:\/\/endurance.fi\/en\/sj\/","title":{"rendered":"48. SUOMI-JUOKSU 100 km 29.-30.06.2019"},"content":{"rendered":"<p>Vuodesta 1972 saakka katkeamatta jatkunut Suomi-Juoksun perinne jatkuu edelleen: vuonna 2019 Suomi-Juoksu palaa Endurance j\u00e4rjestett\u00e4v\u00e4ksi. Yhteisty\u00f6kumppanina toimii kest\u00e4vyysjuoksuvalmennukseen ja ultrajuoksutapahtumien j\u00e4rjest\u00e4miseen erikoistunut <a rel=\"noreferrer noopener\" aria-label=\"Vuodesta 1972 saakka katkeamatta jatkunut Suomi-Juoksun perinne jatkuu edelleen: vuonna 2019 Suomi-Juoksu palaa Endurance j\u00e4rjestett\u00e4v\u00e4ksi. Yhteisty\u00f6kumppanina toimii kest\u00e4vyysjuoksuvalmennukseen ja ultrajuoksutapahtumien j\u00e4rjest\u00e4miseen erikoistunut UltraFinn Oy.&nbsp; (opens in a new tab)\" href=\"https:\/\/ultrafinn.fi\" target=\"_blank\">UltraFinn Oy<\/a>.&nbsp;<\/p>\n\n\n\n<p class=\"has-text-color has-background has-vivid-red-color has-very-light-gray-background-color\"><strong>L\u00e4ht\u00f6: <\/strong>Lauantai 29.06.2019 klo 19:00<br><strong>Kilpailupaikka: <\/strong>Salo, tarkemmat tiedot my\u00f6hemmin&#8230;<strong><br>Aikaraja: <\/strong>14h, maali sulkeutuu su 30.06.2019 klo 9:00 ja huoltopisteet vastaavasti my\u00f6hemmin ilmoitettavan aikataulun mukaan.<strong><br>Sarjat: <\/strong>Miehet ja Naiset<strong><br>Matkat: <\/strong>100 km<br><strong>Huoltopisteet: <\/strong>Noin 15-20 km v\u00e4lein, huolto p\u00e4\u00e4osin omatoimisesti<strong><br>Ilmoittautuminen ja osanottomaksut: <\/strong>Tulossa&#8230;<\/p>\n\n\n\n<p>Nostalgiaa on ilmassa my\u00f6s sik\u00e4li, ett\u00e4 lyhyen kierroksen sijasta Salossa juostaan yksi sadan kilometrin kierros, kuten Suomi-Juoksun alkuaikoinakin. Perinteit\u00e4 kunnioittaen juostaan suomalaisessa kes\u00e4y\u00f6ss\u00e4 halki maalaismaiseman.&nbsp;<\/p>\n\n\n\n<div class=\"wp-block-image\"><figure class=\"aligncenter\"><img loading=\"lazy\" decoding=\"async\" width=\"1024\" height=\"683\" src=\"https:\/\/endurance.fi\/wp5\/wp-content\/uploads\/2018\/12\/IMG_2801-1024x683.jpg\" alt=\"Suomi-Juoksu 2014, Perni\u00f6n keskusta\" class=\"wp-image-483\"\/><figcaption>Suomi-Juoksu 2014, Perni\u00f6n keskusta (kuva: Jari Tomppo)<\/figcaption><\/figure><\/div>\n\n\n\n<div class=\"wp-block-columns has-2-columns is-layout-flex wp-container-core-columns-is-layout-9d6595d7 wp-block-columns-is-layout-flex\"><\/div>\n\n\n\n<p>Vuosien 2007-2015 Suomi-Juoksun reitti\u00e4 Perni\u00f6ss\u00e4 kunnioitetaan siten, ett\u00e4 Salosta juostaan ensin Perni\u00f6\u00f6n p\u00e4in, jossa sijaitsee huoltopiste monille tutun Perni\u00f6n lukion l\u00e4heisyydess\u00e4.&nbsp;<\/p>\n\n\n\n<p>Ilmoittautuminen avataan alkuvuodesta 2019. Reitti mitataan virallisesti ja kilpailulle haetaan IAU Bronze Label. Reitti ei tule olemaan tasainen eik\u00e4 nopea, pikemmin haastava ja kaunis.<\/p>\n\n\n\n<p>Alustava reitti, johon saattaa tulla muutoksia virallisen mittauksen my\u00f6t\u00e4:<\/p>\n\n\n\n<div style=\"overflow:hidden;position:relative;\"><div style=\"position:relative;width:100%;padding-top:56.25%;overflow:visible;\"><iframe name=\"plotaroute_map_729436\" src=\"https:\/\/www.plotaroute.com\/embedmap\/729436?units=km\" style=\"position:absolute;top:0;left:0;bottom:0;right:0;width:100%; height:100%;\" frameborder=\"0\" scrolling=\"no\" allowfullscreen=\"\" webkitallowfullscreen=\"\" mozallowfullscreen=\"\" oallowfullscreen=\"\" msallowfullscreen=\"\"><\/iframe><\/div><p style=\"margin-top:8px;font-family:Helvetica Neue,Helvetica,arial;font-size:11px;\">Route map for <a href=\"https:\/\/www.plotaroute.com\/route\/729436?units=km\" target=\"_blank\" title=\"View this route map on plotaroute.com\">Suomi-Juoksu 2019<\/a> by <a href=\"https:\/\/www.plotaroute.com\/userprofile\/214111\" target=\"_blank\" title=\"View this person's profile on plotaroute.com\">Jari Tomppo<\/a> on <a href=\"https:\/\/www.plotaroute.com\" target=\"_blank\" title=\"plotaroute.com - free route planner for walking, running, cycling and more\">plotaroute.com<\/a><\/p><\/div>\n\n\n\n\n\n    <div class=\"wp-block-socia-sharing\" >\n      <ul class=\"list-socia-sharing original left\"><li>\n        <a onclick=\"window.open(this.href, '_blank', 'screenX=50,left=50,screenY=50,top=50, width=550, height=450,toolbar=no, location=no,resizable=yes, scrollbars=yes');return false;\"\n          class=\"share-button share-button_facebook icons\" href=\"https:\/\/www.facebook.com\/sharer\/sharer.php?u=https:\/\/endurance.fi\/en\/sj\/\"><span class=\"dashicons dashicons-facebook-alt\"><\/span>\n\n        <\/a>\n      <\/li><li>\n        <a onclick=\"window.open(this.href, '_blank', 'screenX=50,left=50,screenY=50,top=50, width=550, height=450,toolbar=no, location=no,resizable=yes, scrollbars=yes');return false;\"\n          class=\"share-button share-button_twitter icons\" href=\"http:\/\/twitter.com\/intent\/tweet?text=Hey%20Twitter,%20Have%20a%20look%20at%20this!%2048.%20SUOMI-JUOKSU%20100%20km%2029.-30.06.2019&#038;url=https:\/\/endurance.fi\/en\/sj\/\"><span class=\"dashicons dashicons-twitter\"><\/span>\n\n        <\/a>\n      <\/li>\n      <\/ul>\n    <\/div>","protected":false},"excerpt":{"rendered":"<p>Vuodesta 1972 saakka katkeamatta jatkunut Suomi-Juoksun perinne jatkuu edelleen: vuonna 2019 Suomi-Juoksu palaa Endurance j\u00e4rjestett\u00e4v\u00e4ksi. Yhteisty\u00f6kumppanina toimii kest\u00e4vyysjuoksuvalmennukseen ja ultrajuoksutapahtumien j\u00e4rjest\u00e4miseen erikoistunut UltraFinn Oy.&nbsp; L\u00e4ht\u00f6: Lauantai 29.06.2019 klo 19:00Kilpailupaikka: Salo, tarkemmat tiedot my\u00f6hemmin&#8230;Aikaraja: 14h, maali sulkeutuu su 30.06.2019 klo 9:00 ja huoltopisteet vastaavasti my\u00f6hemmin ilmoitettavan aikataulun mukaan.Sarjat: Miehet ja NaisetMatkat: 100 kmHuoltopisteet: Noin 15-20 km [&hellip;]<\/p>\n","protected":false},"author":1,"featured_media":483,"parent":0,"menu_order":0,"comment_status":"closed","ping_status":"closed","template":"page-templates\/full-width.php","meta":{"footnotes":""},"class_list":["post-482","page","type-page","status-publish","has-post-thumbnail","hentry"],"_links":{"self":[{"href":"https:\/\/endurance.fi\/en\/wp-json\/wp\/v2\/pages\/482","targetHints":{"allow":["GET"]}}],"collection":[{"href":"https:\/\/endurance.fi\/en\/wp-json\/wp\/v2\/pages"}],"about":[{"href":"https:\/\/endurance.fi\/en\/wp-json\/wp\/v2\/types\/page"}],"author":[{"embeddable":true,"href":"https:\/\/endurance.fi\/en\/wp-json\/wp\/v2\/users\/1"}],"replies":[{"embeddable":true,"href":"https:\/\/endurance.fi\/en\/wp-json\/wp\/v2\/comments?post=482"}],"version-history":[{"count":21,"href":"https:\/\/endurance.fi\/en\/wp-json\/wp\/v2\/pages\/482\/revisions"}],"predecessor-version":[{"id":620,"href":"https:\/\/endurance.fi\/en\/wp-json\/wp\/v2\/pages\/482\/revisions\/620"}],"wp:featuredmedia":[{"embeddable":true,"href":"https:\/\/endurance.fi\/en\/wp-json\/wp\/v2\/media\/483"}],"wp:attachment":[{"href":"https:\/\/endurance.fi\/en\/wp-json\/wp\/v2\/media?parent=482"}],"curies":[{"name":"wp","href":"https:\/\/api.w.org\/{rel}","templated":true}]}}