{"id":3438,"date":"2022-11-26T17:09:49","date_gmt":"2022-11-26T14:09:49","guid":{"rendered":"https:\/\/endurance.fi\/?page_id=3438"},"modified":"2025-10-02T08:32:11","modified_gmt":"2025-10-02T05:32:11","slug":"e24h-jonotuslista","status":"publish","type":"page","link":"https:\/\/endurance.fi\/en\/kilpailut\/e24h-jonotuslista\/","title":{"rendered":"E24h n\u00e4yt\u00e4 jonotuslista"},"content":{"rendered":"\n\n\n<p class=\"has-text-align-center\">Osallistujalistassa olevat ik\u00e4sarjamerkinn\u00e4t ovat tilastointia varten. <br>Kilpailussa j\u00e4rjestet\u00e4\u00e4n vain yleisen sarjan kilpailut: Naiset, Miehet, SM Naiset ja SM Miehet.<\/p>\n\n\n\n\n<html>\r\n<head>    \r\n  <link rel='stylesheet' type='text\/css' href='\/css\/e24h.css' \/>\r\n\r\n  <title>Endurance 24h jonotuslista<\/title>\r\n<\/head>\r\n<body>\r\n    <h3 style='text-align:center;'>Endurance 24h 2026 jonotuslista <\/h3>\r\n\t\r\n<div id=\"inner\">\r\n\t<table class=\"e24-startlist\">\r\n\t\r\n\t\t<tr><thead>\r\n\t<th colspan=\"7\"> <\/th><\/tr>\r\n\t\t\t<tr>\r\n\t\t\t\t<TH style=\"width:20px;\">#<\/th>\r\n\t\t\t\t<th style=\"width:140px;\">Nimi<\/th>\r\n\t\t\t\t<th style=\"width:30px;\">SV<\/th>\r\n\t\t\t\t<th style=\"width:20px;\">Sarja<\/th>\r\n\t\t\t\t<th style=\"width:80px;\">Seura<\/th>\r\n\t\t\t\t<th style=\"width:80px;\">Maa<\/th>\r\n\t\t\t<\/tr><\/thead><tbody>\r\n\t\t\t<tr><td>1<\/td>\r\n\t\t\t\t\t<td>Juho-Pekka Airaksinen<\/td>\r\n\t\t\t\t\t<td>1984<\/td>\r\n\t\t\t\t\t<td>M40<\/td>\r\n\t\t\t\t\t<td><\/td>\r\n\t\t\t\t\t<td>Suomi<\/td>\r\n\t\t\t\t<\/tr>\t\t\t\r\n        \t<\/tbody><tr><td>2<\/td>\r\n\t\t\t\t\t<td>Matti Lamminsalo<\/td>\r\n\t\t\t\t\t<td>1988<\/td>\r\n\t\t\t\t\t<td>M35<\/td>\r\n\t\t\t\t\t<td>Ilmoitan<\/td>\r\n\t\t\t\t\t<td>Suomi<\/td>\r\n\t\t\t\t<\/tr>\t\t\t\r\n        \t<\/tbody><tr><td>3<\/td>\r\n\t\t\t\t\t<td>Jussi Nieminen<\/td>\r\n\t\t\t\t\t<td>1986<\/td>\r\n\t\t\t\t\t<td>M35<\/td>\r\n\t\t\t\t\t<td><\/td>\r\n\t\t\t\t\t<td>Suomi<\/td>\r\n\t\t\t\t<\/tr>\t\t\t\r\n        \t<\/tbody><tr><td>4<\/td>\r\n\t\t\t\t\t<td>Mika Sivonen<\/td>\r\n\t\t\t\t\t<td>1977<\/td>\r\n\t\t\t\t\t<td>[SM] M45<\/td>\r\n\t\t\t\t\t<td>Ultrajuoksuseura sisu<\/td>\r\n\t\t\t\t\t<td>Suomi<\/td>\r\n\t\t\t\t<\/tr>\t\t\t\r\n        \t<\/tbody><tr><td>5<\/td>\r\n\t\t\t\t\t<td>Juha Kamppinen<\/td>\r\n\t\t\t\t\t<td>1968<\/td>\r\n\t\t\t\t\t<td>M55<\/td>\r\n\t\t\t\t\t<td><\/td>\r\n\t\t\t\t\t<td>Finland<\/td>\r\n\t\t\t\t<\/tr>\t\t\t\r\n        \t<\/tbody><tr><td>6<\/td>\r\n\t\t\t\t\t<td>Kaapo Keskitalo<\/td>\r\n\t\t\t\t\t<td>2002<\/td>\r\n\t\t\t\t\t<td>M<\/td>\r\n\t\t\t\t\t<td><\/td>\r\n\t\t\t\t\t<td>Suomi<\/td>\r\n\t\t\t\t<\/tr>\t\t\t\r\n        \t<\/tbody><tr><td>7<\/td>\r\n\t\t\t\t\t<td>Marika Roop\u00e4rg<\/td>\r\n\t\t\t\t\t<td>1967<\/td>\r\n\t\t\t\t\t<td>N55<\/td>\r\n\t\t\t\t\t<td>Team Rahola<\/td>\r\n\t\t\t\t\t<td>Eesti<\/td>\r\n\t\t\t\t<\/tr>\t\t\t\r\n        \t<\/tbody><tr><td>8<\/td>\r\n\t\t\t\t\t<td>Christos Sarafelntin<\/td>\r\n\t\t\t\t\t<td>1981<\/td>\r\n\t\t\t\t\t<td>M40<\/td>\r\n\t\t\t\t\t<td><\/td>\r\n\t\t\t\t\t<td>Greece<\/td>\r\n\t\t\t\t<\/tr>\t\t\t\r\n        \t<\/tbody><tr><td>9<\/td>\r\n\t\t\t\t\t<td>Juha M\u00e4kip\u00e4\u00e4<\/td>\r\n\t\t\t\t\t<td>1976<\/td>\r\n\t\t\t\t\t<td>M45<\/td>\r\n\t\t\t\t\t<td>L\u00e4nsi-Aure<\/td>\r\n\t\t\t\t\t<td>Suomi<\/td>\r\n\t\t\t\t<\/tr>\t\t\t\r\n        \t<\/tbody><tr><td>10<\/td>\r\n\t\t\t\t\t<td>Noora Katajam\u00e4ki<\/td>\r\n\t\t\t\t\t<td>1979<\/td>\r\n\t\t\t\t\t<td>N45<\/td>\r\n\t\t\t\t\t<td><\/td>\r\n\t\t\t\t\t<td>Suomi<\/td>\r\n\t\t\t\t<\/tr>\t\t\t\r\n        \t<\/tbody><tr><td>11<\/td>\r\n\t\t\t\t\t<td>Juha Heikkinen<\/td>\r\n\t\t\t\t\t<td>1968<\/td>\r\n\t\t\t\t\t<td>M55<\/td>\r\n\t\t\t\t\t<td>Endurance Ultrarunning Team Finland<\/td>\r\n\t\t\t\t\t<td>Suomen<\/td>\r\n\t\t\t\t<\/tr>\t\t\t\r\n        \t<\/tbody><tr><td>12<\/td>\r\n\t\t\t\t\t<td>Jarkko Ala-Nisula<\/td>\r\n\t\t\t\t\t<td>1991<\/td>\r\n\t\t\t\t\t<td>M<\/td>\r\n\t\t\t\t\t<td>Endurance Ultrarunning Team Finland<\/td>\r\n\t\t\t\t\t<td>Suomi<\/td>\r\n\t\t\t\t<\/tr>\t\t\t\r\n        \t<\/tbody><tr><td>13<\/td>\r\n\t\t\t\t\t<td>Timo Veirto<\/td>\r\n\t\t\t\t\t<td>1989<\/td>\r\n\t\t\t\t\t<td>M35<\/td>\r\n\t\t\t\t\t<td>EB<\/td>\r\n\t\t\t\t\t<td>Suomi<\/td>\r\n\t\t\t\t<\/tr>\t\t\t\r\n        \t<\/tbody><tr><td>14<\/td>\r\n\t\t\t\t\t<td>Andrew Mckilloo<\/td>\r\n\t\t\t\t\t<td>1970<\/td>\r\n\t\t\t\t\t<td>M55<\/td>\r\n\t\t\t\t\t<td>St Albans Striders<\/td>\r\n\t\t\t\t\t<td>United Kingdom<\/td>\r\n\t\t\t\t<\/tr>\t\t\t\r\n        \t<\/tbody><tr><td>15<\/td>\r\n\t\t\t\t\t<td>Seppo Karvo<\/td>\r\n\t\t\t\t\t<td>1952<\/td>\r\n\t\t\t\t\t<td>M70<\/td>\r\n\t\t\t\t\t<td>Rovaniemi<\/td>\r\n\t\t\t\t\t<td>Suomi<\/td>\r\n\t\t\t\t<\/tr>\t\t\t\r\n        \t<\/tbody><tr><td>16<\/td>\r\n\t\t\t\t\t<td>Antero Joly<\/td>\r\n\t\t\t\t\t<td>1991<\/td>\r\n\t\t\t\t\t<td>M<\/td>\r\n\t\t\t\t\t<td><\/td>\r\n\t\t\t\t\t<td>Finland<\/td>\r\n\t\t\t\t<\/tr>\t\t\t\r\n        \t<\/tbody><tr><td>17<\/td>\r\n\t\t\t\t\t<td>Luke Ivory<\/td>\r\n\t\t\t\t\t<td>1983<\/td>\r\n\t\t\t\t\t<td>M40<\/td>\r\n\t\t\t\t\t<td><\/td>\r\n\t\t\t\t\t<td>United Kingdom<\/td>\r\n\t\t\t\t<\/tr>\t\t\t\r\n        \t<\/tbody><tr><td>18<\/td>\r\n\t\t\t\t\t<td>Anna-Maria Trollsfjord<\/td>\r\n\t\t\t\t\t<td>1972<\/td>\r\n\t\t\t\t\t<td>N50<\/td>\r\n\t\t\t\t\t<td>Sok-Knallen<\/td>\r\n\t\t\t\t\t<td>Sweden<\/td>\r\n\t\t\t\t<\/tr>\t\t\t\r\n        \t<\/tbody><tr><td>19<\/td>\r\n\t\t\t\t\t<td>Tawer Sheikhank<\/td>\r\n\t\t\t\t\t<td>2003<\/td>\r\n\t\t\t\t\t<td>M<\/td>\r\n\t\t\t\t\t<td>Vaasa<\/td>\r\n\t\t\t\t\t<td>Suomi<\/td>\r\n\t\t\t\t<\/tr>\t\t\t\r\n        \t<\/tbody><tr><td>20<\/td>\r\n\t\t\t\t\t<td>Marko Karhap\u00e4\u00e4<\/td>\r\n\t\t\t\t\t<td>1970<\/td>\r\n\t\t\t\t\t<td>M55<\/td>\r\n\t\t\t\t\t<td>Satama.fi<\/td>\r\n\t\t\t\t\t<td>Suomi<\/td>\r\n\t\t\t\t<\/tr>\t\t\t\r\n        \t<\/tbody><tr><td>21<\/td>\r\n\t\t\t\t\t<td>Stefan Olsson<\/td>\r\n\t\t\t\t\t<td>1965<\/td>\r\n\t\t\t\t\t<td>M60<\/td>\r\n\t\t\t\t\t<td>L\u00f6parakademin IF<\/td>\r\n\t\t\t\t\t<td>Sweden<\/td>\r\n\t\t\t\t<\/tr>\t\t\t\r\n        \t<\/tbody><tr><td>22<\/td>\r\n\t\t\t\t\t<td>Satu Huovinen<\/td>\r\n\t\t\t\t\t<td>1981<\/td>\r\n\t\t\t\t\t<td>[SM] N40<\/td>\r\n\t\t\t\t\t<td>Kajaanin urheilijat<\/td>\r\n\t\t\t\t\t<td>Suomi<\/td>\r\n\t\t\t\t<\/tr>\t\t\t\r\n        \t<\/tbody><tr><td>23<\/td>\r\n\t\t\t\t\t<td>Antti M\u00e4nnist\u00f6<\/td>\r\n\t\t\t\t\t<td>1974<\/td>\r\n\t\t\t\t\t<td>M50<\/td>\r\n\t\t\t\t\t<td>Hytri<\/td>\r\n\t\t\t\t\t<td>Suomi<\/td>\r\n\t\t\t\t<\/tr>\t\t\t\r\n        \t<\/tbody><tr><td>24<\/td>\r\n\t\t\t\t\t<td>Pekka Kauranen<\/td>\r\n\t\t\t\t\t<td>1975<\/td>\r\n\t\t\t\t\t<td>M50<\/td>\r\n\t\t\t\t\t<td><\/td>\r\n\t\t\t\t\t<td>Suomi<\/td>\r\n\t\t\t\t<\/tr>\t\t\t\r\n        \t<\/tbody><tr><td>25<\/td>\r\n\t\t\t\t\t<td>Normunds D\u016bda<\/td>\r\n\t\t\t\t\t<td>1970<\/td>\r\n\t\t\t\t\t<td>M55<\/td>\r\n\t\t\t\t\t<td><\/td>\r\n\t\t\t\t\t<td>Latvia<\/td>\r\n\t\t\t\t<\/tr>\t\t\t\r\n        \t<\/tbody><tr><td>26<\/td>\r\n\t\t\t\t\t<td>Jason Nichol<\/td>\r\n\t\t\t\t\t<td>1982<\/td>\r\n\t\t\t\t\t<td>M40<\/td>\r\n\t\t\t\t\t<td>S.t Finbarrs AC<\/td>\r\n\t\t\t\t\t<td>Ireland<\/td>\r\n\t\t\t\t<\/tr>\t\t\t\r\n        \t<\/tbody><tr><td>27<\/td>\r\n\t\t\t\t\t<td>Ivan Bretan<\/td>\r\n\t\t\t\t\t<td>1965<\/td>\r\n\t\t\t\t\t<td>M60<\/td>\r\n\t\t\t\t\t<td>SLDK<\/td>\r\n\t\t\t\t\t<td>Sverige<\/td>\r\n\t\t\t\t<\/tr>\t\t\t\r\n        \t<\/tbody><tr><td>28<\/td>\r\n\t\t\t\t\t<td>Joonas Puranen<\/td>\r\n\t\t\t\t\t<td>1998<\/td>\r\n\t\t\t\t\t<td>M<\/td>\r\n\t\t\t\t\t<td>Triathlon Suomi<\/td>\r\n\t\t\t\t\t<td>Suomi<\/td>\r\n\t\t\t\t<\/tr>\t\t\t\r\n        \t<\/tbody><tr><td>29<\/td>\r\n\t\t\t\t\t<td>Raili R\u00fc\u00fctel<\/td>\r\n\t\t\t\t\t<td>1976<\/td>\r\n\t\t\t\t\t<td>N45<\/td>\r\n\t\t\t\t\t<td>Saaremaa<\/td>\r\n\t\t\t\t\t<td>EEsti<\/td>\r\n\t\t\t\t<\/tr>\t\t\t\r\n        \t<\/tbody><tr><td>30<\/td>\r\n\t\t\t\t\t<td>Jenni Karvonen<\/td>\r\n\t\t\t\t\t<td>1991<\/td>\r\n\t\t\t\t\t<td>N<\/td>\r\n\t\t\t\t\t<td><\/td>\r\n\t\t\t\t\t<td>Suomi<\/td>\r\n\t\t\t\t<\/tr>\t\t\t\r\n        \t<\/tbody><tr><td>31<\/td>\r\n\t\t\t\t\t<td>Joonas Sarapuu<\/td>\r\n\t\t\t\t\t<td>1982<\/td>\r\n\t\t\t\t\t<td>M40<\/td>\r\n\t\t\t\t\t<td>Saaremaa<\/td>\r\n\t\t\t\t\t<td>Estonia<\/td>\r\n\t\t\t\t<\/tr>\t\t\t\r\n        \t<\/tbody><tr><td>32<\/td>\r\n\t\t\t\t\t<td>Valdo Kanem\u00e4gi<\/td>\r\n\t\t\t\t\t<td>1985<\/td>\r\n\t\t\t\t\t<td>M40<\/td>\r\n\t\t\t\t\t<td>Saaremaa<\/td>\r\n\t\t\t\t\t<td>Eesti<\/td>\r\n\t\t\t\t<\/tr>\t\t\t\r\n        \t<\/tbody><tr><td>33<\/td>\r\n\t\t\t\t\t<td>Matts Pettersson<\/td>\r\n\t\t\t\t\t<td>1994<\/td>\r\n\t\t\t\t\t<td>[SM] M<\/td>\r\n\t\t\t\t\t<td>Triathlon for fun<\/td>\r\n\t\t\t\t\t<td>Suomi<\/td>\r\n\t\t\t\t<\/tr>\t\t\t\r\n        \t<\/tbody><tr><td>34<\/td>\r\n\t\t\t\t\t<td>Lisa Amundsson<\/td>\r\n\t\t\t\t\t<td>1960<\/td>\r\n\t\t\t\t\t<td>N65<\/td>\r\n\t\t\t\t\t<td>Str\u00f6mstad l\u00f6parklubb<\/td>\r\n\t\t\t\t\t<td>Sverige<\/td>\r\n\t\t\t\t<\/tr>\t\t\t\r\n        \t<\/tbody><tr><td>35<\/td>\r\n\t\t\t\t\t<td>Aur\u00e9lien Relinger<\/td>\r\n\t\t\t\t\t<td>2004<\/td>\r\n\t\t\t\t\t<td>M<\/td>\r\n\t\t\t\t\t<td><\/td>\r\n\t\t\t\t\t<td>France<\/td>\r\n\t\t\t\t<\/tr>\t\t\t\r\n        \t<\/tbody><tr><td>36<\/td>\r\n\t\t\t\t\t<td>Minna Mattila<\/td>\r\n\t\t\t\t\t<td>1973<\/td>\r\n\t\t\t\t\t<td>N50<\/td>\r\n\t\t\t\t\t<td><\/td>\r\n\t\t\t\t\t<td>Suomi<\/td>\r\n\t\t\t\t<\/tr>\t\t\t\r\n        \t<\/tbody><tr><td>37<\/td>\r\n\t\t\t\t\t<td>Marko Juuti<\/td>\r\n\t\t\t\t\t<td>1985<\/td>\r\n\t\t\t\t\t<td>M40<\/td>\r\n\t\t\t\t\t<td>Helsinki Triathlon<\/td>\r\n\t\t\t\t\t<td>Suomi<\/td>\r\n\t\t\t\t<\/tr>\t\t\t\r\n        \t<\/tbody><tr><td>38<\/td>\r\n\t\t\t\t\t<td>Ari P\u00e4ivinen<\/td>\r\n\t\t\t\t\t<td>1959<\/td>\r\n\t\t\t\t\t<td>M65<\/td>\r\n\t\t\t\t\t<td><\/td>\r\n\t\t\t\t\t<td>Suomi<\/td>\r\n\t\t\t\t<\/tr>\t\t\t\r\n        \t<\/tbody><tr><td>39<\/td>\r\n\t\t\t\t\t<td>Joonas Ranta<\/td>\r\n\t\t\t\t\t<td>1997<\/td>\r\n\t\t\t\t\t<td>M<\/td>\r\n\t\t\t\t\t<td><\/td>\r\n\t\t\t\t\t<td>Suomi<\/td>\r\n\t\t\t\t<\/tr>\t\t\t\r\n        \t<\/tbody><tr><td>40<\/td>\r\n\t\t\t\t\t<td>Leo Paakko<\/td>\r\n\t\t\t\t\t<td>2004<\/td>\r\n\t\t\t\t\t<td>M<\/td>\r\n\t\t\t\t\t<td><\/td>\r\n\t\t\t\t\t<td>Suomi<\/td>\r\n\t\t\t\t<\/tr>\t\t\t\r\n        \t<\/tbody><tr><td>41<\/td>\r\n\t\t\t\t\t<td>Lauri Kotovirta<\/td>\r\n\t\t\t\t\t<td>2004<\/td>\r\n\t\t\t\t\t<td>M<\/td>\r\n\t\t\t\t\t<td><\/td>\r\n\t\t\t\t\t<td>Suomi<\/td>\r\n\t\t\t\t<\/tr>\t\t\t\r\n        \t<\/tbody><tr><td>42<\/td>\r\n\t\t\t\t\t<td>Kevin Vilhelmsen<\/td>\r\n\t\t\t\t\t<td>1963<\/td>\r\n\t\t\t\t\t<td>M60<\/td>\r\n\t\t\t\t\t<td><\/td>\r\n\t\t\t\t\t<td>Danmark<\/td>\r\n\t\t\t\t<\/tr>\t\t\t\r\n        \t<\/tbody><tr><td>43<\/td>\r\n\t\t\t\t\t<td>Vito Intini<\/td>\r\n\t\t\t\t\t<td>1968<\/td>\r\n\t\t\t\t\t<td>M55<\/td>\r\n\t\t\t\t\t<td>Amatori Putignano<\/td>\r\n\t\t\t\t\t<td>Italy<\/td>\r\n\t\t\t\t<\/tr>\t\t\t\r\n        \t<\/tbody><tr><td>44<\/td>\r\n\t\t\t\t\t<td>Kacper Czerpak<\/td>\r\n\t\t\t\t\t<td>2004<\/td>\r\n\t\t\t\t\t<td>M<\/td>\r\n\t\t\t\t\t<td>Slaney Olympic A.C<\/td>\r\n\t\t\t\t\t<td>Puola<\/td>\r\n\t\t\t\t<\/tr>\t\t\t\r\n        \t<\/tbody><tr><td>45<\/td>\r\n\t\t\t\t\t<td>Ilyas Kaader<\/td>\r\n\t\t\t\t\t<td>2003<\/td>\r\n\t\t\t\t\t<td>M<\/td>\r\n\t\t\t\t\t<td>ei ole<\/td>\r\n\t\t\t\t\t<td>Suomi<\/td>\r\n\t\t\t\t<\/tr>\t\t\t\r\n        \t<\/tbody><tr><td>46<\/td>\r\n\t\t\t\t\t<td>Viktoriia Nikolaienko<\/td>\r\n\t\t\t\t\t<td>1987<\/td>\r\n\t\t\t\t\t<td>N35<\/td>\r\n\t\t\t\t\t<td><\/td>\r\n\t\t\t\t\t<td>Ukraina<\/td>\r\n\t\t\t\t<\/tr>\t\t\t\r\n        \t<\/tbody>\t\t\t<\/table>\r\n<\/div>\r\n<\/body>\r\n<\/html\r\n\n\n","protected":false},"excerpt":{"rendered":"<p>Osallistujalistassa olevat ik\u00e4sarjamerkinn\u00e4t ovat tilastointia varten. Kilpailussa j\u00e4rjestet\u00e4\u00e4n vain yleisen sarjan kilpailut: Naiset, Miehet, SM Naiset ja SM Miehet.<\/p>","protected":false},"author":1,"featured_media":0,"parent":84,"menu_order":0,"comment_status":"closed","ping_status":"closed","template":"page-templates\/full-width.php","meta":{"footnotes":""},"class_list":["post-3438","page","type-page","status-publish","hentry"],"_links":{"self":[{"href":"https:\/\/endurance.fi\/en\/wp-json\/wp\/v2\/pages\/3438","targetHints":{"allow":["GET"]}}],"collection":[{"href":"https:\/\/endurance.fi\/en\/wp-json\/wp\/v2\/pages"}],"about":[{"href":"https:\/\/endurance.fi\/en\/wp-json\/wp\/v2\/types\/page"}],"author":[{"embeddable":true,"href":"https:\/\/endurance.fi\/en\/wp-json\/wp\/v2\/users\/1"}],"replies":[{"embeddable":true,"href":"https:\/\/endurance.fi\/en\/wp-json\/wp\/v2\/comments?post=3438"}],"version-history":[{"count":4,"href":"https:\/\/endurance.fi\/en\/wp-json\/wp\/v2\/pages\/3438\/revisions"}],"predecessor-version":[{"id":5129,"href":"https:\/\/endurance.fi\/en\/wp-json\/wp\/v2\/pages\/3438\/revisions\/5129"}],"up":[{"embeddable":true,"href":"https:\/\/endurance.fi\/en\/wp-json\/wp\/v2\/pages\/84"}],"wp:attachment":[{"href":"https:\/\/endurance.fi\/en\/wp-json\/wp\/v2\/media?parent=3438"}],"curies":[{"name":"wp","href":"https:\/\/api.w.org\/{rel}","templated":true}]}}